{"id":15,"date":"2023-01-06T14:33:55","date_gmt":"2023-01-06T13:33:55","guid":{"rendered":"https:\/\/kenrays.com\/?page_id=15"},"modified":"2026-02-12T12:01:39","modified_gmt":"2026-02-12T11:01:39","slug":"contact","status":"publish","type":"page","link":"https:\/\/kenrays.com\/en\/contact\/","title":{"rendered":"Contact us"},"content":{"rendered":"<div data-elementor-type=\"wp-page\" data-elementor-id=\"15\" class=\"elementor elementor-15\" data-elementor-post-type=\"page\">\n\t\t\t\t\t\t<section class=\"elementor-section elementor-top-section elementor-element elementor-element-340ff9d5 elementor-section-boxed elementor-section-height-default elementor-section-height-default\" data-id=\"340ff9d5\" data-element_type=\"section\" data-e-type=\"section\" data-settings=\"{&quot;background_background&quot;:&quot;classic&quot;}\">\n\t\t\t\t\t\t\t<div class=\"elementor-background-overlay\"><\/div>\n\t\t\t\t\t\t\t<div class=\"elementor-container elementor-column-gap-default\">\n\t\t\t\t\t<div class=\"elementor-column elementor-col-100 elementor-top-column elementor-element elementor-element-775dc362\" data-id=\"775dc362\" data-element_type=\"column\" data-e-type=\"column\">\n\t\t\t<div class=\"elementor-widget-wrap elementor-element-populated\">\n\t\t\t\t\t\t<div class=\"elementor-element elementor-element-713d36ab elementor-widget__width-auto elementor-icon-list--layout-traditional elementor-list-item-link-full_width elementor-widget elementor-widget-icon-list\" data-id=\"713d36ab\" data-element_type=\"widget\" data-e-type=\"widget\" data-widget_type=\"icon-list.default\">\n\t\t\t\t<div class=\"elementor-widget-container\">\n\t\t\t\t\t\t\t<ul class=\"elementor-icon-list-items\">\n\t\t\t\t\t\t\t<li class=\"elementor-icon-list-item\">\n\t\t\t\t\t\t\t\t\t\t\t<a href=\"\/en\/\">\n\n\t\t\t\t\t\t\t\t\t\t\t<span class=\"elementor-icon-list-text\">Kenray&#039;s<\/span>\n\t\t\t\t\t\t\t\t\t\t\t<\/a>\n\t\t\t\t\t\t\t\t\t<\/li>\n\t\t\t\t\t\t<\/ul>\n\t\t\t\t\t\t<\/div>\n\t\t\t\t<\/div>\n\t\t\t\t<div class=\"elementor-element elementor-element-77cf7642 elementor-widget__width-auto elementor-widget elementor-widget-heading\" data-id=\"77cf7642\" data-element_type=\"widget\" data-e-type=\"widget\" data-widget_type=\"heading.default\">\n\t\t\t\t<div class=\"elementor-widget-container\">\n\t\t\t\t\t<h6 class=\"elementor-heading-title elementor-size-default\">.<\/h6>\t\t\t\t<\/div>\n\t\t\t\t<\/div>\n\t\t\t\t<div class=\"elementor-element elementor-element-55ea7fa2 elementor-widget__width-auto elementor-icon-list--layout-traditional elementor-list-item-link-full_width elementor-widget elementor-widget-icon-list\" data-id=\"55ea7fa2\" data-element_type=\"widget\" data-e-type=\"widget\" data-widget_type=\"icon-list.default\">\n\t\t\t\t<div class=\"elementor-widget-container\">\n\t\t\t\t\t\t\t<ul class=\"elementor-icon-list-items\">\n\t\t\t\t\t\t\t<li class=\"elementor-icon-list-item\">\n\t\t\t\t\t\t\t\t\t\t\t<a href=\"\/en\/contact\/\">\n\n\t\t\t\t\t\t\t\t\t\t\t<span class=\"elementor-icon-list-text\">Contact us<\/span>\n\t\t\t\t\t\t\t\t\t\t\t<\/a>\n\t\t\t\t\t\t\t\t\t<\/li>\n\t\t\t\t\t\t<\/ul>\n\t\t\t\t\t\t<\/div>\n\t\t\t\t<\/div>\n\t\t\t\t<div class=\"elementor-element elementor-element-2e3717ca elementor-widget elementor-widget-heading\" data-id=\"2e3717ca\" data-element_type=\"widget\" data-e-type=\"widget\" data-widget_type=\"heading.default\">\n\t\t\t\t<div class=\"elementor-widget-container\">\n\t\t\t\t\t<h1 class=\"elementor-heading-title elementor-size-default\">Contact and booking<\/h1>\t\t\t\t<\/div>\n\t\t\t\t<\/div>\n\t\t\t\t\t<\/div>\n\t\t<\/div>\n\t\t\t\t\t<\/div>\n\t\t<\/section>\n\t\t\t\t<section class=\"elementor-section elementor-top-section elementor-element elementor-element-85e2efc elementor-section-boxed elementor-section-height-default elementor-section-height-default\" data-id=\"85e2efc\" data-element_type=\"section\" data-e-type=\"section\">\n\t\t\t\t\t\t<div class=\"elementor-container elementor-column-gap-default\">\n\t\t\t\t\t<div class=\"elementor-column elementor-col-100 elementor-top-column elementor-element elementor-element-eff35d3\" data-id=\"eff35d3\" data-element_type=\"column\" data-e-type=\"column\">\n\t\t\t<div class=\"elementor-widget-wrap elementor-element-populated\">\n\t\t\t\t\t\t<div class=\"elementor-element elementor-element-43001057 elementor-widget elementor-widget-heading\" data-id=\"43001057\" data-element_type=\"widget\" data-e-type=\"widget\" data-widget_type=\"heading.default\">\n\t\t\t\t<div class=\"elementor-widget-container\">\n\t\t\t\t\t<div class=\"elementor-heading-title elementor-size-default\">A question ? Need information?<\/div>\t\t\t\t<\/div>\n\t\t\t\t<\/div>\n\t\t\t\t<div class=\"elementor-element elementor-element-c246ff9 elementor-widget elementor-widget-heading\" data-id=\"c246ff9\" data-element_type=\"widget\" data-e-type=\"widget\" data-widget_type=\"heading.default\">\n\t\t\t\t<div class=\"elementor-widget-container\">\n\t\t\t\t\t<h2 class=\"elementor-heading-title elementor-size-default\">Book a private driver online<\/h2>\t\t\t\t<\/div>\n\t\t\t\t<\/div>\n\t\t\t\t<div class=\"elementor-element elementor-element-2d18e4b elementor-widget elementor-widget-text-editor\" data-id=\"2d18e4b\" data-element_type=\"widget\" data-e-type=\"widget\" data-widget_type=\"text-editor.default\">\n\t\t\t\t<div class=\"elementor-widget-container\">\n\t\t\t\t\t\t\t\t\t<p>Need a reliable and punctual private driver in Lyon? KenRay&#039;S is at your service for all your journeys, whether for business, personal, or tourist purposes. Our service <a href=\"https:\/\/kenrays.com\/en\/\">Private hire vehicle (VTC) Lyon<\/a> and all distances guarantee you comfort, discretion and a tailor-made service.<\/p>\t\t\t\t\t\t\t\t<\/div>\n\t\t\t\t<\/div>\n\t\t\t\t\t<\/div>\n\t\t<\/div>\n\t\t\t\t\t<\/div>\n\t\t<\/section>\n\t\t\t\t<section class=\"elementor-section elementor-top-section elementor-element elementor-element-7506f653 elementor-section-boxed elementor-section-height-default elementor-section-height-default\" data-id=\"7506f653\" data-element_type=\"section\" data-e-type=\"section\">\n\t\t\t\t\t\t<div class=\"elementor-container elementor-column-gap-default\">\n\t\t\t\t\t<div class=\"elementor-column elementor-col-100 elementor-top-column elementor-element elementor-element-4360c87f\" data-id=\"4360c87f\" data-element_type=\"column\" data-e-type=\"column\">\n\t\t\t<div class=\"elementor-widget-wrap elementor-element-populated\">\n\t\t\t\t\t\t<div class=\"elementor-element elementor-element-ec164a9 elementor-button-align-center elementor-widget elementor-widget-form\" data-id=\"ec164a9\" data-element_type=\"widget\" data-e-type=\"widget\" data-settings=\"{&quot;step_next_label&quot;:&quot;Next&quot;,&quot;step_previous_label&quot;:&quot;Previous&quot;,&quot;button_width&quot;:&quot;100&quot;,&quot;step_type&quot;:&quot;number_text&quot;,&quot;step_icon_shape&quot;:&quot;circle&quot;}\" data-widget_type=\"form.default\">\n\t\t\t\t<div class=\"elementor-widget-container\">\n\t\t\t\t\t\t\t<form class=\"elementor-form\" method=\"post\" id=\"1\" name=\"Formulaire contact \" aria-label=\"Contact form \" action=\"\">\n\t\t\t<input type=\"hidden\" name=\"post_id\" value=\"15\"\/>\n\t\t\t<input type=\"hidden\" name=\"form_id\" value=\"ec164a9\"\/>\n\t\t\t<input type=\"hidden\" name=\"referer_title\" value=\"Contact et r\u00e9servation : chauffeur priv\u00e9 Lyon | KenRay&#039;S\" \/>\n\n\t\t\t\t\t\t\t<input type=\"hidden\" name=\"queried_id\" value=\"15\"\/>\n\t\t\t\n\t\t\t<div class=\"elementor-form-fields-wrapper elementor-labels-above\">\n\t\t\t\t\t\t\t\t<div class=\"elementor-field-type-text elementor-field-group elementor-column elementor-field-group-name elementor-col-100\">\n\t\t\t\t\t\t\t\t\t\t\t\t<label for=\"form-field-name\" class=\"elementor-field-label\">\n\t\t\t\t\t\t\t\tYour Name\t\t\t\t\t\t\t<\/label>\n\t\t\t\t\t\t\t\t\t\t\t\t\t\t<input size=\"1\" type=\"text\" name=\"form_fields[name]\" id=\"form-field-name\" class=\"elementor-field elementor-size-sm  elementor-field-textual\">\n\t\t\t\t\t\t\t\t\t\t\t<\/div>\n\t\t\t\t\t\t\t\t<div class=\"elementor-field-type-email elementor-field-group elementor-column elementor-field-group-email elementor-col-50 elementor-field-required\">\n\t\t\t\t\t\t\t\t\t\t\t\t<label for=\"form-field-email\" class=\"elementor-field-label\">\n\t\t\t\t\t\t\t\tE-mail\t\t\t\t\t\t\t<\/label>\n\t\t\t\t\t\t\t\t\t\t\t\t\t\t<input size=\"1\" type=\"email\" name=\"form_fields[email]\" id=\"form-field-email\" class=\"elementor-field elementor-size-sm  elementor-field-textual\" placeholder=\"E-mail\" required=\"required\">\n\t\t\t\t\t\t\t\t\t\t\t<\/div>\n\t\t\t\t\t\t\t\t<div class=\"elementor-field-type-tel elementor-field-group elementor-column elementor-field-group-field_5f354c2 elementor-col-50 elementor-field-required\">\n\t\t\t\t\t\t\t\t\t\t\t\t<label for=\"form-field-field_5f354c2\" class=\"elementor-field-label\">\n\t\t\t\t\t\t\t\tYour phone\t\t\t\t\t\t\t<\/label>\n\t\t\t\t\t\t\t\t<input size=\"1\" type=\"tel\" name=\"form_fields[field_5f354c2]\" id=\"form-field-field_5f354c2\" class=\"elementor-field elementor-size-sm  elementor-field-textual\" required=\"required\" pattern=\"[0-9()#&amp;+*-=.]+\" title=\"Only telephone number characters (#, -, *, etc.) are accepted.\">\n\n\t\t\t\t\t\t<\/div>\n\t\t\t\t\t\t\t\t<div class=\"elementor-field-type-textarea elementor-field-group elementor-column elementor-field-group-message elementor-col-100\">\n\t\t\t\t\t\t\t\t\t\t\t\t<label for=\"form-field-message\" class=\"elementor-field-label\">\n\t\t\t\t\t\t\t\tA question ? Need information?\t\t\t\t\t\t\t<\/label>\n\t\t\t\t\t\t<textarea class=\"elementor-field-textual elementor-field  elementor-size-sm\" name=\"form_fields[message]\" id=\"form-field-message\" rows=\"4\"><\/textarea>\t\t\t\t<\/div>\n\t\t\t\t\t\t\t\t<div class=\"elementor-field-type-recaptcha_v3 elementor-field-group elementor-column elementor-field-group-field_d63d0cc elementor-col-100 recaptcha_v3-bottomright\">\n\t\t\t\t\t<div class=\"elementor-field\" id=\"form-field-field_d63d0cc\"><div class=\"elementor-g-recaptcha\" data-sitekey=\"6LeavNcjAAAAAMjJNK0cFam83tPfo13Mv61fWPDx\" data-type=\"v3\" data-action=\"Form\" data-badge=\"bottomright\" data-size=\"invisible\"><\/div><\/div>\t\t\t\t<\/div>\n\t\t\t\t\t\t\t\t<div class=\"elementor-field-group elementor-column elementor-field-type-submit elementor-col-100 e-form__buttons\">\n\t\t\t\t\t<button class=\"elementor-button elementor-size-sm\" type=\"submit\">\n\t\t\t\t\t\t<span class=\"elementor-button-content-wrapper\">\n\t\t\t\t\t\t\t\t\t\t\t\t\t\t\t\t\t\t\t\t\t\t<span class=\"elementor-button-text\">Send<\/span>\n\t\t\t\t\t\t\t\t\t\t\t\t\t<\/span>\n\t\t\t\t\t<\/button>\n\t\t\t\t<\/div>\n\t\t\t<\/div>\n\t\t<input type=\"hidden\" name=\"trp-form-language\" value=\"en\"\/><\/form>\n\t\t\t\t\t\t<\/div>\n\t\t\t\t<\/div>\n\t\t\t\t\t<\/div>\n\t\t<\/div>\n\t\t\t\t\t<\/div>\n\t\t<\/section>\n\t\t\t\t<\/div>","protected":false},"excerpt":{"rendered":"<p>Kenray&rsquo;s . Contact Contact et r\u00e9servation Une question ? Besoin d&rsquo;un renseignement ? R\u00e9server un chauffeur VTC en ligne Besoin d\u2019un chauffeur priv\u00e9 fiable et ponctuel \u00e0 Lyon ? KenRay&rsquo;S vous accompagne pour tous vos d\u00e9placements, qu\u2019ils soient professionnels, personnels ou touristiques. Notre service VTC Lyon et toutes distances vous garantit confort, discr\u00e9tion et une [&hellip;]<\/p>","protected":false},"author":1,"featured_media":0,"parent":0,"menu_order":0,"comment_status":"closed","ping_status":"closed","template":"elementor_header_footer","meta":{"footnotes":""},"class_list":["post-15","page","type-page","status-publish","hentry"],"yoast_head":"<!-- This site is optimized with the Yoast SEO plugin v27.2 - https:\/\/yoast.com\/product\/yoast-seo-wordpress\/ -->\n<title>Contact et r\u00e9servation : chauffeur priv\u00e9 Lyon | KenRay&#039;S<\/title>\n<meta name=\"description\" content=\"Contacter Kenray&#039;s, chauffeur priv\u00e9 VTC \u00e0 Lyon toutes distances. Convoyage de v\u00e9hicules, privatisation, mariage... R\u00e9servation en ligne.\" \/>\n<meta name=\"robots\" content=\"index, follow, max-snippet:-1, max-image-preview:large, max-video-preview:-1\" \/>\n<link rel=\"canonical\" href=\"https:\/\/kenrays.com\/en\/contact\/\" \/>\n<meta property=\"og:locale\" content=\"en_GB\" \/>\n<meta property=\"og:type\" content=\"article\" \/>\n<meta property=\"og:title\" content=\"Contact et r\u00e9servation : chauffeur priv\u00e9 Lyon | KenRay&#039;S\" \/>\n<meta property=\"og:description\" content=\"Contacter Kenray&#039;s, chauffeur priv\u00e9 VTC \u00e0 Lyon toutes distances. Convoyage de v\u00e9hicules, privatisation, mariage... R\u00e9servation en ligne.\" \/>\n<meta property=\"og:url\" content=\"https:\/\/kenrays.com\/en\/contact\/\" \/>\n<meta property=\"og:site_name\" content=\"KenRay&#039;S\" \/>\n<meta property=\"article:modified_time\" content=\"2026-02-12T11:01:39+00:00\" \/>\n<meta property=\"og:image\" content=\"https:\/\/kenrays.com\/wp-content\/uploads\/2023\/01\/Capture-decran-2025-01-26-233101.png\" \/>\n\t<meta property=\"og:image:width\" content=\"1893\" \/>\n\t<meta property=\"og:image:height\" content=\"890\" \/>\n\t<meta property=\"og:image:type\" content=\"image\/png\" \/>\n<meta name=\"twitter:card\" content=\"summary_large_image\" \/>\n<meta name=\"twitter:label1\" content=\"Estimated reading time\" \/>\n\t<meta name=\"twitter:data1\" content=\"1 minute\" \/>\n<script type=\"application\/ld+json\" class=\"yoast-schema-graph\">{\"@context\":\"https:\/\/schema.org\",\"@graph\":[{\"@type\":[\"WebPage\",\"ContactPage\"],\"@id\":\"https:\/\/kenrays.com\/contact\/\",\"url\":\"https:\/\/kenrays.com\/contact\/\",\"name\":\"Contact et r\u00e9servation : chauffeur priv\u00e9 Lyon | KenRay&#039;S\",\"isPartOf\":{\"@id\":\"https:\/\/kenrays.com\/#website\"},\"datePublished\":\"2023-01-06T13:33:55+00:00\",\"dateModified\":\"2026-02-12T11:01:39+00:00\",\"description\":\"Contacter Kenray's, chauffeur priv\u00e9 VTC \u00e0 Lyon toutes distances. Convoyage de v\u00e9hicules, privatisation, mariage... R\u00e9servation en ligne.\",\"breadcrumb\":{\"@id\":\"https:\/\/kenrays.com\/contact\/#breadcrumb\"},\"inLanguage\":\"en-GB\",\"potentialAction\":[{\"@type\":\"ReadAction\",\"target\":[\"https:\/\/kenrays.com\/contact\/\"]}]},{\"@type\":\"BreadcrumbList\",\"@id\":\"https:\/\/kenrays.com\/contact\/#breadcrumb\",\"itemListElement\":[{\"@type\":\"ListItem\",\"position\":1,\"name\":\"Accueil\",\"item\":\"https:\/\/kenrays.com\/\"},{\"@type\":\"ListItem\",\"position\":2,\"name\":\"Contact\"}]},{\"@type\":\"WebSite\",\"@id\":\"https:\/\/kenrays.com\/#website\",\"url\":\"https:\/\/kenrays.com\/\",\"name\":\"KenRay's\",\"description\":\"Chauffeurs VTC disponibles 24h\/24 et 7j\/7\",\"publisher\":{\"@id\":\"https:\/\/kenrays.com\/#organization\"},\"alternateName\":\"KenRay's\",\"potentialAction\":[{\"@type\":\"SearchAction\",\"target\":{\"@type\":\"EntryPoint\",\"urlTemplate\":\"https:\/\/kenrays.com\/?s={search_term_string}\"},\"query-input\":{\"@type\":\"PropertyValueSpecification\",\"valueRequired\":true,\"valueName\":\"search_term_string\"}}],\"inLanguage\":\"en-GB\"},{\"@type\":\"Organization\",\"@id\":\"https:\/\/kenrays.com\/#organization\",\"name\":\"KenRay's\",\"alternateName\":\"KenRay's\",\"url\":\"https:\/\/kenrays.com\/\",\"logo\":{\"@type\":\"ImageObject\",\"inLanguage\":\"en-GB\",\"@id\":\"https:\/\/kenrays.com\/#\/schema\/logo\/image\/\",\"url\":\"https:\/\/kenrays.com\/wp-content\/uploads\/2023\/01\/logo-kenrays-lyon.png\",\"contentUrl\":\"https:\/\/kenrays.com\/wp-content\/uploads\/2023\/01\/logo-kenrays-lyon.png\",\"width\":750,\"height\":750,\"caption\":\"KenRay's\"},\"image\":{\"@id\":\"https:\/\/kenrays.com\/#\/schema\/logo\/image\/\"},\"sameAs\":[\"https:\/\/maps.app.goo.gl\/KFyHnEoyzR24Kb1B9\",\"https:\/\/www.linkedin.com\/in\/kenrays-transport-b06962267\",\"https:\/\/www.instagram.com\/kenrays.transports\/\"]}]}<\/script>\n<!-- \/ Yoast SEO plugin. -->","yoast_head_json":{"title":"Contact and booking: Private driver Lyon | KenRay&amp;#039;S","description":"Contact Kenray&#039;s, a private chauffeur service in Lyon for all distances. Vehicle transport, private hire, weddings... Book online.","robots":{"index":"index","follow":"follow","max-snippet":"max-snippet:-1","max-image-preview":"max-image-preview:large","max-video-preview":"max-video-preview:-1"},"canonical":"https:\/\/kenrays.com\/en\/contact\/","og_locale":"en_GB","og_type":"article","og_title":"Contact et r\u00e9servation : chauffeur priv\u00e9 Lyon | KenRay&#039;S","og_description":"Contacter Kenray's, chauffeur priv\u00e9 VTC \u00e0 Lyon toutes distances. Convoyage de v\u00e9hicules, privatisation, mariage... R\u00e9servation en ligne.","og_url":"https:\/\/kenrays.com\/en\/contact\/","og_site_name":"KenRay&#039;S","article_modified_time":"2026-02-12T11:01:39+00:00","og_image":[{"width":1893,"height":890,"url":"https:\/\/kenrays.com\/wp-content\/uploads\/2023\/01\/Capture-decran-2025-01-26-233101.png","type":"image\/png"}],"twitter_card":"summary_large_image","twitter_misc":{"Estimated reading time":"1 minute"},"schema":{"@context":"https:\/\/schema.org","@graph":[{"@type":["WebPage","ContactPage"],"@id":"https:\/\/kenrays.com\/contact\/","url":"https:\/\/kenrays.com\/contact\/","name":"Contact and booking: Private driver Lyon | KenRay&amp;#039;S","isPartOf":{"@id":"https:\/\/kenrays.com\/#website"},"datePublished":"2023-01-06T13:33:55+00:00","dateModified":"2026-02-12T11:01:39+00:00","description":"Contact Kenray&#039;s, a private chauffeur service in Lyon for all distances. Vehicle transport, private hire, weddings... Book online.","breadcrumb":{"@id":"https:\/\/kenrays.com\/contact\/#breadcrumb"},"inLanguage":"en-GB","potentialAction":[{"@type":"ReadAction","target":["https:\/\/kenrays.com\/contact\/"]}]},{"@type":"BreadcrumbList","@id":"https:\/\/kenrays.com\/contact\/#breadcrumb","itemListElement":[{"@type":"ListItem","position":1,"name":"Accueil","item":"https:\/\/kenrays.com\/"},{"@type":"ListItem","position":2,"name":"Contact"}]},{"@type":"WebSite","@id":"https:\/\/kenrays.com\/#website","url":"https:\/\/kenrays.com\/","name":"KenRay&#039;s","description":"VTC drivers available 24\/7","publisher":{"@id":"https:\/\/kenrays.com\/#organization"},"alternateName":"KenRay's","potentialAction":[{"@type":"SearchAction","target":{"@type":"EntryPoint","urlTemplate":"https:\/\/kenrays.com\/?s={search_term_string}"},"query-input":{"@type":"PropertyValueSpecification","valueRequired":true,"valueName":"search_term_string"}}],"inLanguage":"en-GB"},{"@type":"Organization","@id":"https:\/\/kenrays.com\/#organization","name":"KenRay&#039;s","alternateName":"KenRay's","url":"https:\/\/kenrays.com\/","logo":{"@type":"ImageObject","inLanguage":"en-GB","@id":"https:\/\/kenrays.com\/#\/schema\/logo\/image\/","url":"https:\/\/kenrays.com\/wp-content\/uploads\/2023\/01\/logo-kenrays-lyon.png","contentUrl":"https:\/\/kenrays.com\/wp-content\/uploads\/2023\/01\/logo-kenrays-lyon.png","width":750,"height":750,"caption":"KenRay's"},"image":{"@id":"https:\/\/kenrays.com\/#\/schema\/logo\/image\/"},"sameAs":["https:\/\/maps.app.goo.gl\/KFyHnEoyzR24Kb1B9","https:\/\/www.linkedin.com\/in\/kenrays-transport-b06962267","https:\/\/www.instagram.com\/kenrays.transports\/"]}]}},"_links":{"self":[{"href":"https:\/\/kenrays.com\/en\/wp-json\/wp\/v2\/pages\/15","targetHints":{"allow":["GET"]}}],"collection":[{"href":"https:\/\/kenrays.com\/en\/wp-json\/wp\/v2\/pages"}],"about":[{"href":"https:\/\/kenrays.com\/en\/wp-json\/wp\/v2\/types\/page"}],"author":[{"embeddable":true,"href":"https:\/\/kenrays.com\/en\/wp-json\/wp\/v2\/users\/1"}],"replies":[{"embeddable":true,"href":"https:\/\/kenrays.com\/en\/wp-json\/wp\/v2\/comments?post=15"}],"version-history":[{"count":60,"href":"https:\/\/kenrays.com\/en\/wp-json\/wp\/v2\/pages\/15\/revisions"}],"predecessor-version":[{"id":1496,"href":"https:\/\/kenrays.com\/en\/wp-json\/wp\/v2\/pages\/15\/revisions\/1496"}],"wp:attachment":[{"href":"https:\/\/kenrays.com\/en\/wp-json\/wp\/v2\/media?parent=15"}],"curies":[{"name":"wp","href":"https:\/\/api.w.org\/{rel}","templated":true}]}}